{"id":2,"date":"2015-07-20T13:44:50","date_gmt":"2015-07-20T13:44:50","guid":{"rendered":"http:\/\/restaurantterramareka.apps-1and1.net\/?page_id=2"},"modified":"2026-03-05T11:25:37","modified_gmt":"2026-03-05T11:25:37","slug":"sample-page","status":"publish","type":"page","link":"https:\/\/restaurant-terramare.de\/","title":{"rendered":"Restaurant Terra Mare &#8211; griechische und spanische Spezialit\u00e4ten"},"content":{"rendered":"<p style=\"text-align: center;\">Willkommen in unserem Restaurant \u201e<strong>Terra Mare<\/strong>\u201c in Karlsruhe.<br \/>Genie\u00dfen Sie mediterrane K\u00fcche im angenehmen Ambiente. Durch unseres kulinarische Speisen bringen wir Ihnen den S\u00fcden ein St\u00fcck n\u00e4her.<br \/>Beeinflusst von <strong>griechischen und spanischen<\/strong> Kochk\u00fcnsten reicht unser kulinarisches Angebot von Tapas \u00fcber Grillspezialit\u00e4ten und Fischgerichten bis hin zu bunten Salatvariationen.<\/p>\n<p style=\"text-align: center;\">(Dienstag Mittag geschlossen, au\u00dfer gr\u00f6\u00dfere Reservierung ab 10 Personen)\u00a0<\/p>\n<p style=\"text-align: center;\"><strong>\u00a0Wir\u00a0bieten auch Take-Away-Essen an.<\/strong><br \/>Am besten Bestellungen unter<strong>\u00a00721 6605493<br \/>oder Email: info(at)restaurant-terramare.de<br \/><\/strong><\/p>\n<div dir=\"auto\" style=\"text-align: center;\">Entdecken Sie unsere beliebte <strong>Tapas-Variation<\/strong> f\u00fcr sie zum Abholen <span class=\"pq6dq46d tbxw36s4 knj5qynh kvgmc6g5 ditlmg2l oygrvhab nvdbi5me sf5mxxl7 gl3lb2sf hhz5lgdu\"><img loading=\"lazy\" decoding=\"async\" src=\"https:\/\/static.xx.fbcdn.net\/images\/emoji.php\/v9\/t74\/1\/16\/1f468_200d_1f373.png\" alt=\"&#x1f468;&#x200d;&#x1f373;\" width=\"16\" height=\"16\" \/><\/span> f\u00fcr eine oder mehrere Personen ab sofort bei uns edel verpackt.<\/div>\n<div dir=\"auto\" style=\"text-align: center;\">\n<p>\u00a0 ** \u00a0<em>Aufgrund begrenzter Kapazit\u00e4ten empfiehlt sich Abends eine Sitzplatzreservierung\u00a0<\/em>**<\/p>\n<\/div>\n\n\n<p class=\"has-text-align-center\">* Wird die Gruppen-Reservierung ohne Absage nicht wahrgenommen oder diese weniger als 48 Stunden vor Termin storniert wird ein Schadenersatz f\u00e4llig<\/p>\n","protected":false},"excerpt":{"rendered":"<p>Willkommen in unserem Restaurant \u201eTerra Mare\u201c in Karlsruhe.Genie\u00dfen Sie mediterrane K\u00fcche im angenehmen Ambiente. Durch unseres kulinarische Speisen bringen wir Ihnen den S\u00fcden ein St\u00fcck n\u00e4her.Beeinflusst von griechischen und spanischen Kochk\u00fcnsten reicht unser kulinarisches Angebot von Tapas \u00fcber Grillspezialit\u00e4ten und Fischgerichten bis hin zu bunten Salatvariationen. (Dienstag Mittag geschlossen, au\u00dfer gr\u00f6\u00dfere Reservierung ab 10 Personen)\u00a0 [&hellip;]<\/p>\n","protected":false},"author":1,"featured_media":0,"parent":0,"menu_order":0,"comment_status":"open","ping_status":"open","template":"","meta":{"footnotes":""},"class_list":["post-2","page","type-page","status-publish","hentry"],"yoast_head":"<!-- This site is optimized with the Yoast SEO plugin v27.4 - https:\/\/yoast.com\/product\/yoast-seo-wordpress\/ -->\n<title>Terra Mare - Mediterrane K\u00fcche<\/title>\n<meta name=\"description\" content=\"Willkommen bei Terra Mare. Genie\u00dfen Sie mediterrane K\u00fcche in angenehmen Ambiente. Durch unseres kulinarische Speisen bringen wir den S\u00fcden ein St\u00fcck n\u00e4her.\" \/>\n<meta name=\"robots\" content=\"noindex, follow, max-snippet:-1, max-image-preview:large, max-video-preview:-1\" \/>\n<meta property=\"og:locale\" content=\"de_DE\" \/>\n<meta property=\"og:type\" content=\"article\" \/>\n<meta property=\"og:title\" content=\"Terra Mare - Mediterrane K\u00fcche\" \/>\n<meta property=\"og:description\" content=\"Willkommen bei Terra Mare. Genie\u00dfen Sie mediterrane K\u00fcche in angenehmen Ambiente. Durch unseres kulinarische Speisen bringen wir den S\u00fcden ein St\u00fcck n\u00e4her.\" \/>\n<meta property=\"og:url\" content=\"https:\/\/restaurant-terramare.de\/\" \/>\n<meta property=\"article:publisher\" content=\"https:\/\/www.facebook.com\/restaurantterramare\/timeline\" \/>\n<meta property=\"article:modified_time\" content=\"2026-03-05T11:25:37+00:00\" \/>\n<meta property=\"og:image\" content=\"https:\/\/static.xx.fbcdn.net\/images\/emoji.php\/v9\/t74\/1\/16\/1f468_200d_1f373.png\" \/>\n<meta name=\"twitter:card\" content=\"summary_large_image\" \/>\n<meta name=\"twitter:label1\" content=\"Gesch\u00e4tzte Lesezeit\" \/>\n\t<meta name=\"twitter:data1\" content=\"1\u00a0Minute\" \/>\n<script type=\"application\/ld+json\" class=\"yoast-schema-graph\">{\"@context\":\"https:\\\/\\\/schema.org\",\"@graph\":[{\"@type\":\"WebPage\",\"@id\":\"https:\\\/\\\/restaurant-terramare.de\\\/\",\"url\":\"https:\\\/\\\/restaurant-terramare.de\\\/\",\"name\":\"Terra Mare - Mediterrane K\u00fcche\",\"isPartOf\":{\"@id\":\"https:\\\/\\\/restaurant-terramare.de\\\/#website\"},\"primaryImageOfPage\":{\"@id\":\"https:\\\/\\\/restaurant-terramare.de\\\/#primaryimage\"},\"image\":{\"@id\":\"https:\\\/\\\/restaurant-terramare.de\\\/#primaryimage\"},\"thumbnailUrl\":\"https:\\\/\\\/static.xx.fbcdn.net\\\/images\\\/emoji.php\\\/v9\\\/t74\\\/1\\\/16\\\/1f468_200d_1f373.png\",\"datePublished\":\"2015-07-20T13:44:50+00:00\",\"dateModified\":\"2026-03-05T11:25:37+00:00\",\"description\":\"Willkommen bei Terra Mare. Genie\u00dfen Sie mediterrane K\u00fcche in angenehmen Ambiente. Durch unseres kulinarische Speisen bringen wir den S\u00fcden ein St\u00fcck n\u00e4her.\",\"breadcrumb\":{\"@id\":\"https:\\\/\\\/restaurant-terramare.de\\\/#breadcrumb\"},\"inLanguage\":\"de\",\"potentialAction\":[{\"@type\":\"ReadAction\",\"target\":[\"https:\\\/\\\/restaurant-terramare.de\\\/\"]}]},{\"@type\":\"ImageObject\",\"inLanguage\":\"de\",\"@id\":\"https:\\\/\\\/restaurant-terramare.de\\\/#primaryimage\",\"url\":\"https:\\\/\\\/static.xx.fbcdn.net\\\/images\\\/emoji.php\\\/v9\\\/t74\\\/1\\\/16\\\/1f468_200d_1f373.png\",\"contentUrl\":\"https:\\\/\\\/static.xx.fbcdn.net\\\/images\\\/emoji.php\\\/v9\\\/t74\\\/1\\\/16\\\/1f468_200d_1f373.png\"},{\"@type\":\"BreadcrumbList\",\"@id\":\"https:\\\/\\\/restaurant-terramare.de\\\/#breadcrumb\",\"itemListElement\":[{\"@type\":\"ListItem\",\"position\":1,\"name\":\"Home\",\"item\":\"https:\\\/\\\/restaurant-terramare.de\\\/\"},{\"@type\":\"ListItem\",\"position\":2,\"name\":\"Restaurant Terra Mare &#8211; griechische und spanische Spezialit\u00e4ten\"}]},{\"@type\":\"WebSite\",\"@id\":\"https:\\\/\\\/restaurant-terramare.de\\\/#website\",\"url\":\"https:\\\/\\\/restaurant-terramare.de\\\/\",\"name\":\"\",\"description\":\"Mediterrane K\u00fcche NEU\",\"potentialAction\":[{\"@type\":\"SearchAction\",\"target\":{\"@type\":\"EntryPoint\",\"urlTemplate\":\"https:\\\/\\\/restaurant-terramare.de\\\/?s={search_term_string}\"},\"query-input\":{\"@type\":\"PropertyValueSpecification\",\"valueRequired\":true,\"valueName\":\"search_term_string\"}}],\"inLanguage\":\"de\"}]}<\/script>\n<!-- \/ Yoast SEO plugin. -->","yoast_head_json":{"title":"Terra Mare - Mediterrane K\u00fcche","description":"Willkommen bei Terra Mare. Genie\u00dfen Sie mediterrane K\u00fcche in angenehmen Ambiente. Durch unseres kulinarische Speisen bringen wir den S\u00fcden ein St\u00fcck n\u00e4her.","robots":{"index":"noindex","follow":"follow","max-snippet":"max-snippet:-1","max-image-preview":"max-image-preview:large","max-video-preview":"max-video-preview:-1"},"og_locale":"de_DE","og_type":"article","og_title":"Terra Mare - Mediterrane K\u00fcche","og_description":"Willkommen bei Terra Mare. Genie\u00dfen Sie mediterrane K\u00fcche in angenehmen Ambiente. Durch unseres kulinarische Speisen bringen wir den S\u00fcden ein St\u00fcck n\u00e4her.","og_url":"https:\/\/restaurant-terramare.de\/","article_publisher":"https:\/\/www.facebook.com\/restaurantterramare\/timeline","article_modified_time":"2026-03-05T11:25:37+00:00","og_image":[{"url":"https:\/\/static.xx.fbcdn.net\/images\/emoji.php\/v9\/t74\/1\/16\/1f468_200d_1f373.png","type":"","width":"","height":""}],"twitter_card":"summary_large_image","twitter_misc":{"Gesch\u00e4tzte Lesezeit":"1\u00a0Minute"},"schema":{"@context":"https:\/\/schema.org","@graph":[{"@type":"WebPage","@id":"https:\/\/restaurant-terramare.de\/","url":"https:\/\/restaurant-terramare.de\/","name":"Terra Mare - Mediterrane K\u00fcche","isPartOf":{"@id":"https:\/\/restaurant-terramare.de\/#website"},"primaryImageOfPage":{"@id":"https:\/\/restaurant-terramare.de\/#primaryimage"},"image":{"@id":"https:\/\/restaurant-terramare.de\/#primaryimage"},"thumbnailUrl":"https:\/\/static.xx.fbcdn.net\/images\/emoji.php\/v9\/t74\/1\/16\/1f468_200d_1f373.png","datePublished":"2015-07-20T13:44:50+00:00","dateModified":"2026-03-05T11:25:37+00:00","description":"Willkommen bei Terra Mare. Genie\u00dfen Sie mediterrane K\u00fcche in angenehmen Ambiente. Durch unseres kulinarische Speisen bringen wir den S\u00fcden ein St\u00fcck n\u00e4her.","breadcrumb":{"@id":"https:\/\/restaurant-terramare.de\/#breadcrumb"},"inLanguage":"de","potentialAction":[{"@type":"ReadAction","target":["https:\/\/restaurant-terramare.de\/"]}]},{"@type":"ImageObject","inLanguage":"de","@id":"https:\/\/restaurant-terramare.de\/#primaryimage","url":"https:\/\/static.xx.fbcdn.net\/images\/emoji.php\/v9\/t74\/1\/16\/1f468_200d_1f373.png","contentUrl":"https:\/\/static.xx.fbcdn.net\/images\/emoji.php\/v9\/t74\/1\/16\/1f468_200d_1f373.png"},{"@type":"BreadcrumbList","@id":"https:\/\/restaurant-terramare.de\/#breadcrumb","itemListElement":[{"@type":"ListItem","position":1,"name":"Home","item":"https:\/\/restaurant-terramare.de\/"},{"@type":"ListItem","position":2,"name":"Restaurant Terra Mare &#8211; griechische und spanische Spezialit\u00e4ten"}]},{"@type":"WebSite","@id":"https:\/\/restaurant-terramare.de\/#website","url":"https:\/\/restaurant-terramare.de\/","name":"","description":"Mediterrane K\u00fcche NEU","potentialAction":[{"@type":"SearchAction","target":{"@type":"EntryPoint","urlTemplate":"https:\/\/restaurant-terramare.de\/?s={search_term_string}"},"query-input":{"@type":"PropertyValueSpecification","valueRequired":true,"valueName":"search_term_string"}}],"inLanguage":"de"}]}},"featured_image_src":null,"featured_image_src_square":null,"_links":{"self":[{"href":"https:\/\/restaurant-terramare.de\/index.php?rest_route=\/wp\/v2\/pages\/2","targetHints":{"allow":["GET"]}}],"collection":[{"href":"https:\/\/restaurant-terramare.de\/index.php?rest_route=\/wp\/v2\/pages"}],"about":[{"href":"https:\/\/restaurant-terramare.de\/index.php?rest_route=\/wp\/v2\/types\/page"}],"author":[{"embeddable":true,"href":"https:\/\/restaurant-terramare.de\/index.php?rest_route=\/wp\/v2\/users\/1"}],"replies":[{"embeddable":true,"href":"https:\/\/restaurant-terramare.de\/index.php?rest_route=%2Fwp%2Fv2%2Fcomments&post=2"}],"version-history":[{"count":200,"href":"https:\/\/restaurant-terramare.de\/index.php?rest_route=\/wp\/v2\/pages\/2\/revisions"}],"predecessor-version":[{"id":1547,"href":"https:\/\/restaurant-terramare.de\/index.php?rest_route=\/wp\/v2\/pages\/2\/revisions\/1547"}],"wp:attachment":[{"href":"https:\/\/restaurant-terramare.de\/index.php?rest_route=%2Fwp%2Fv2%2Fmedia&parent=2"}],"curies":[{"name":"wp","href":"https:\/\/api.w.org\/{rel}","templated":true}]}}