{"id":1402,"date":"2026-01-13T16:15:29","date_gmt":"2026-01-13T16:15:29","guid":{"rendered":"https:\/\/restaurant-terramare.de\/?page_id=1402"},"modified":"2026-01-25T17:31:59","modified_gmt":"2026-01-25T17:31:59","slug":"weinkarte","status":"publish","type":"page","link":"https:\/\/restaurant-terramare.de\/?page_id=1402","title":{"rendered":"Weinkarte"},"content":{"rendered":"\n<div class=\"wp-block-group alignfull is-layout-constrained wp-block-group-is-layout-constrained\">\n<div class=\"wp-block-cover alignfull is-light\" style=\"padding-top:var(--wp--preset--spacing--30);padding-right:var(--wp--preset--spacing--30);padding-bottom:var(--wp--preset--spacing--30);padding-left:var(--wp--preset--spacing--30);min-height:50px;aspect-ratio:unset;\"><img loading=\"lazy\" decoding=\"async\" width=\"640\" height=\"427\" class=\"wp-block-cover__image-background wp-image-1441 size-full\" alt=\"\" src=\"https:\/\/restaurant-terramare.de\/wp-content\/uploads\/2026\/01\/Fotolia_56104242_S.jpeg\" style=\"object-position:50% 91%\" data-object-fit=\"cover\" data-object-position=\"50% 91%\" srcset=\"https:\/\/restaurant-terramare.de\/wp-content\/uploads\/2026\/01\/Fotolia_56104242_S.jpeg 640w, https:\/\/restaurant-terramare.de\/wp-content\/uploads\/2026\/01\/Fotolia_56104242_S-500x334.jpeg 500w, https:\/\/restaurant-terramare.de\/wp-content\/uploads\/2026\/01\/Fotolia_56104242_S-600x400.jpeg 600w\" sizes=\"auto, (max-width: 640px) 100vw, 640px\" \/><span aria-hidden=\"true\" class=\"wp-block-cover__background has-black-background-color has-background-dim-0 has-background-dim\"><\/span><div class=\"wp-block-cover__inner-container is-layout-flow wp-block-cover-is-layout-flow\">\n<div class=\"wp-block-group alignwide has-base-color has-text-color has-link-color wp-elements-a456d624340740a33550426ea67152d7 is-content-justification-center is-layout-flex wp-container-core-group-is-layout-5705b2a3 wp-block-group-is-layout-flex\" style=\"margin-top:var(--wp--preset--spacing--60);margin-bottom:var(--wp--preset--spacing--60)\"><nav class=\"has-text-color has-white-color is-responsive items-justified-right wp-block-navigation is-content-justification-right is-layout-flex wp-container-core-navigation-is-layout-f665d2b5 wp-block-navigation-is-layout-flex\" aria-label=\"Header-Men\u00fc 2\" \n\t\t data-wp-interactive=\"core\/navigation\" data-wp-context='{\"overlayOpenedBy\":{\"click\":false,\"hover\":false,\"focus\":false},\"type\":\"overlay\",\"roleAttribute\":\"\",\"ariaLabel\":\"Men\\u00fc\"}'><button aria-haspopup=\"dialog\" aria-label=\"Men\u00fc \u00f6ffnen\" class=\"wp-block-navigation__responsive-container-open\" \n\t\t\t\tdata-wp-on--click=\"actions.openMenuOnClick\"\n\t\t\t\tdata-wp-on--keydown=\"actions.handleMenuKeydown\"\n\t\t\t><svg width=\"24\" height=\"24\" xmlns=\"http:\/\/www.w3.org\/2000\/svg\" viewBox=\"0 0 24 24\" aria-hidden=\"true\" focusable=\"false\"><path d=\"M4 7.5h16v1.5H4z\"><\/path><path d=\"M4 15h16v1.5H4z\"><\/path><\/svg><\/button>\n\t\t\t\t<div class=\"wp-block-navigation__responsive-container\"  id=\"modal-1\" \n\t\t\t\tdata-wp-class--has-modal-open=\"state.isMenuOpen\"\n\t\t\t\tdata-wp-class--is-menu-open=\"state.isMenuOpen\"\n\t\t\t\tdata-wp-watch=\"callbacks.initMenu\"\n\t\t\t\tdata-wp-on--keydown=\"actions.handleMenuKeydown\"\n\t\t\t\tdata-wp-on--focusout=\"actions.handleMenuFocusout\"\n\t\t\t\ttabindex=\"-1\"\n\t\t\t>\n\t\t\t\t\t<div class=\"wp-block-navigation__responsive-close\" tabindex=\"-1\">\n\t\t\t\t\t\t<div class=\"wp-block-navigation__responsive-dialog\" \n\t\t\t\tdata-wp-bind--aria-modal=\"state.ariaModal\"\n\t\t\t\tdata-wp-bind--aria-label=\"state.ariaLabel\"\n\t\t\t\tdata-wp-bind--role=\"state.roleAttribute\"\n\t\t\t>\n\t\t\t\t\t\t\t<button aria-label=\"Men\u00fc schlie\u00dfen\" class=\"wp-block-navigation__responsive-container-close\" \n\t\t\t\tdata-wp-on--click=\"actions.closeMenuOnClick\"\n\t\t\t><svg xmlns=\"http:\/\/www.w3.org\/2000\/svg\" viewBox=\"0 0 24 24\" width=\"24\" height=\"24\" aria-hidden=\"true\" focusable=\"false\"><path d=\"m13.06 12 6.47-6.47-1.06-1.06L12 10.94 5.53 4.47 4.47 5.53 10.94 12l-6.47 6.47 1.06 1.06L12 13.06l6.47 6.47 1.06-1.06L13.06 12Z\"><\/path><\/svg><\/button>\n\t\t\t\t\t\t\t<div class=\"wp-block-navigation__responsive-container-content\" \n\t\t\t\tdata-wp-watch=\"callbacks.focusFirstElement\"\n\t\t\t id=\"modal-1-content\">\n\t\t\t\t\t\t\t\t<ul class=\"wp-block-navigation__container has-text-color has-white-color is-responsive items-justified-right wp-block-navigation\"><li class=\" wp-block-navigation-item wp-block-navigation-link\"><a class=\"wp-block-navigation-item__content\"  href=\"https:\/\/restaurant-terramare.de\/\"><span class=\"wp-block-navigation-item__label\"><strong>HOME<\/strong><\/span><\/a><\/li><li class=\" wp-block-navigation-item wp-block-navigation-link\"><a class=\"wp-block-navigation-item__content\"  href=\"https:\/\/restaurant-terramare.de\/?page_id=27\"><span class=\"wp-block-navigation-item__label\"><strong>RESTAURANT<\/strong><\/span><\/a><\/li><li class=\" wp-block-navigation-item wp-block-navigation-link\"><a class=\"wp-block-navigation-item__content\"  href=\"https:\/\/restaurant-terramare.de\/?page_id=30\"><span class=\"wp-block-navigation-item__label\"><strong>SPEISEKARTE<\/strong><\/span><\/a><\/li><li class=\" wp-block-navigation-item wp-block-navigation-link\"><a class=\"wp-block-navigation-item__content\"  href=\"https:\/\/restaurant-terramare.de\/?page_id=1402\"><span class=\"wp-block-navigation-item__label\"><strong>WEINKARTE<\/strong><\/span><\/a><\/li><li class=\" wp-block-navigation-item wp-block-navigation-link\"><a class=\"wp-block-navigation-item__content\"  href=\"https:\/\/restaurant-terramare.de\/?page_id=1014\"><span class=\"wp-block-navigation-item__label\"><strong>CATERING<\/strong><\/span><\/a><\/li><li class=\" wp-block-navigation-item wp-block-navigation-link\"><a class=\"wp-block-navigation-item__content\"  href=\"https:\/\/restaurant-terramare.de\/?page_id=1248\"><span class=\"wp-block-navigation-item__label\"><strong>KONTAKT<\/strong><\/span><\/a><\/li><\/ul>\n\t\t\t\t\t\t\t<\/div>\n\t\t\t\t\t\t<\/div>\n\t\t\t\t\t<\/div>\n\t\t\t\t<\/div><\/nav><\/div>\n\n\n\n<div style=\"height:283px\" aria-hidden=\"true\" class=\"wp-block-spacer\"><\/div>\n\n\n<style>.ablocks-block-d5fda518-5ecb-4da5-8dd6-c111cd2b8263 { padding-bottom:40px;position:relative;transition:border 0s ease,background 0s ease,box-shadow 0s ease; } .ablocks-block-d5fda518-5ecb-4da5-8dd6-c111cd2b8263 { text-align:center; } .ablocks-block-d5fda518-5ecb-4da5-8dd6-c111cd2b8263 .ablocks-heading-text { color:#ffffff;font-family:Oswald,sans-serif; } @media screen and (max-width: 800px) { .ablocks-block-d5fda518-5ecb-4da5-8dd6-c111cd2b8263 .ablocks-heading-text { font-family:Oswald; } } <\/style>\n<div class=\"ablocks-block ablocks-block-d5fda518-5ecb-4da5-8dd6-c111cd2b8263 ablocks-block--heading\"><h2 class=\"ablocks-heading-text\">Weinkarte<\/h2><\/div>\n<\/div><\/div>\n\n\n<style>.ablocks-block-bd195719-f718-4b31-ab9b-562899b2d28a { position:relative;transition:border 0s ease,background 0s ease,box-shadow 0s ease; } .ablocks-block-bd195719-f718-4b31-ab9b-562899b2d28a .ablocks-spacer__box { height:24px!important; } <\/style>\n<div class=\"ablocks-block ablocks-block-bd195719-f718-4b31-ab9b-562899b2d28a ablocks-block--spacer\"><div class=\"ablocks-spacer__box\" style=\"height:24px;width:100%\"><\/div><\/div>\n\n\n\n<div class=\"wp-block-cover\" style=\"min-height:202px;aspect-ratio:unset;\"><span aria-hidden=\"true\" class=\"wp-block-cover__background has-custom-block-background-color has-background-dim-100 has-background-dim\"><\/span><div class=\"wp-block-cover__inner-container is-layout-constrained wp-block-cover-is-layout-constrained\">\n<p class=\"has-text-align-center has-normal-font-size\">Werfen Sie einen Blick in unsere Weinkarte und entdecken Sie ausgew\u00e4hlte Weine, die perfekt zu unserer K\u00fcche passen. Einfach durchbl\u00e4ttern und inspirieren lassen.<\/p>\n<\/div><\/div>\n\n\n<div class=\"real3dflipbook\" id=\"7_69e36ab73840f\" style=\"position:absolute;\"><\/div>\n<\/div>\n","protected":false},"excerpt":{"rendered":"","protected":false},"author":1,"featured_media":0,"parent":0,"menu_order":0,"comment_status":"closed","ping_status":"closed","template":"","meta":{"footnotes":""},"class_list":["post-1402","page","type-page","status-publish","hentry"],"yoast_head":"<!-- This site is optimized with the Yoast SEO plugin v27.4 - https:\/\/yoast.com\/product\/yoast-seo-wordpress\/ -->\n<title>Weinkarte -<\/title>\n<meta name=\"robots\" content=\"noindex, follow, max-snippet:-1, max-image-preview:large, max-video-preview:-1\" \/>\n<meta property=\"og:locale\" content=\"de_DE\" \/>\n<meta property=\"og:type\" content=\"article\" \/>\n<meta property=\"og:title\" content=\"Weinkarte -\" \/>\n<meta property=\"og:url\" content=\"https:\/\/restaurant-terramare.de\/?page_id=1402\" \/>\n<meta property=\"article:publisher\" content=\"https:\/\/www.facebook.com\/restaurantterramare\/timeline\" \/>\n<meta property=\"article:modified_time\" content=\"2026-01-25T17:31:59+00:00\" \/>\n<meta property=\"og:image\" content=\"https:\/\/restaurant-terramare.de\/wp-content\/uploads\/2026\/01\/Fotolia_56104242_S.jpeg\" \/>\n\t<meta property=\"og:image:width\" content=\"640\" \/>\n\t<meta property=\"og:image:height\" content=\"427\" \/>\n\t<meta property=\"og:image:type\" content=\"image\/jpeg\" \/>\n<meta name=\"twitter:card\" content=\"summary_large_image\" \/>\n<meta name=\"twitter:label1\" content=\"Gesch\u00e4tzte Lesezeit\" \/>\n\t<meta name=\"twitter:data1\" content=\"1\u00a0Minute\" \/>\n<script type=\"application\/ld+json\" class=\"yoast-schema-graph\">{\"@context\":\"https:\\\/\\\/schema.org\",\"@graph\":[{\"@type\":\"WebPage\",\"@id\":\"https:\\\/\\\/restaurant-terramare.de\\\/?page_id=1402\",\"url\":\"https:\\\/\\\/restaurant-terramare.de\\\/?page_id=1402\",\"name\":\"Weinkarte -\",\"isPartOf\":{\"@id\":\"https:\\\/\\\/restaurant-terramare.de\\\/#website\"},\"primaryImageOfPage\":{\"@id\":\"https:\\\/\\\/restaurant-terramare.de\\\/?page_id=1402#primaryimage\"},\"image\":{\"@id\":\"https:\\\/\\\/restaurant-terramare.de\\\/?page_id=1402#primaryimage\"},\"thumbnailUrl\":\"https:\\\/\\\/restaurant-terramare.de\\\/wp-content\\\/uploads\\\/2026\\\/01\\\/Fotolia_56104242_S.jpeg\",\"datePublished\":\"2026-01-13T16:15:29+00:00\",\"dateModified\":\"2026-01-25T17:31:59+00:00\",\"breadcrumb\":{\"@id\":\"https:\\\/\\\/restaurant-terramare.de\\\/?page_id=1402#breadcrumb\"},\"inLanguage\":\"de\",\"potentialAction\":[{\"@type\":\"ReadAction\",\"target\":[\"https:\\\/\\\/restaurant-terramare.de\\\/?page_id=1402\"]}]},{\"@type\":\"ImageObject\",\"inLanguage\":\"de\",\"@id\":\"https:\\\/\\\/restaurant-terramare.de\\\/?page_id=1402#primaryimage\",\"url\":\"https:\\\/\\\/restaurant-terramare.de\\\/wp-content\\\/uploads\\\/2026\\\/01\\\/Fotolia_56104242_S.jpeg\",\"contentUrl\":\"https:\\\/\\\/restaurant-terramare.de\\\/wp-content\\\/uploads\\\/2026\\\/01\\\/Fotolia_56104242_S.jpeg\",\"width\":640,\"height\":427,\"caption\":\"Green olive branch and a spoon full of oil on the wooden table\"},{\"@type\":\"BreadcrumbList\",\"@id\":\"https:\\\/\\\/restaurant-terramare.de\\\/?page_id=1402#breadcrumb\",\"itemListElement\":[{\"@type\":\"ListItem\",\"position\":1,\"name\":\"Home\",\"item\":\"https:\\\/\\\/restaurant-terramare.de\\\/\"},{\"@type\":\"ListItem\",\"position\":2,\"name\":\"Weinkarte\"}]},{\"@type\":\"WebSite\",\"@id\":\"https:\\\/\\\/restaurant-terramare.de\\\/#website\",\"url\":\"https:\\\/\\\/restaurant-terramare.de\\\/\",\"name\":\"\",\"description\":\"Mediterrane K\u00fcche NEU\",\"potentialAction\":[{\"@type\":\"SearchAction\",\"target\":{\"@type\":\"EntryPoint\",\"urlTemplate\":\"https:\\\/\\\/restaurant-terramare.de\\\/?s={search_term_string}\"},\"query-input\":{\"@type\":\"PropertyValueSpecification\",\"valueRequired\":true,\"valueName\":\"search_term_string\"}}],\"inLanguage\":\"de\"}]}<\/script>\n<!-- \/ Yoast SEO plugin. -->","yoast_head_json":{"title":"Weinkarte -","robots":{"index":"noindex","follow":"follow","max-snippet":"max-snippet:-1","max-image-preview":"max-image-preview:large","max-video-preview":"max-video-preview:-1"},"og_locale":"de_DE","og_type":"article","og_title":"Weinkarte -","og_url":"https:\/\/restaurant-terramare.de\/?page_id=1402","article_publisher":"https:\/\/www.facebook.com\/restaurantterramare\/timeline","article_modified_time":"2026-01-25T17:31:59+00:00","og_image":[{"width":640,"height":427,"url":"https:\/\/restaurant-terramare.de\/wp-content\/uploads\/2026\/01\/Fotolia_56104242_S.jpeg","type":"image\/jpeg"}],"twitter_card":"summary_large_image","twitter_misc":{"Gesch\u00e4tzte Lesezeit":"1\u00a0Minute"},"schema":{"@context":"https:\/\/schema.org","@graph":[{"@type":"WebPage","@id":"https:\/\/restaurant-terramare.de\/?page_id=1402","url":"https:\/\/restaurant-terramare.de\/?page_id=1402","name":"Weinkarte -","isPartOf":{"@id":"https:\/\/restaurant-terramare.de\/#website"},"primaryImageOfPage":{"@id":"https:\/\/restaurant-terramare.de\/?page_id=1402#primaryimage"},"image":{"@id":"https:\/\/restaurant-terramare.de\/?page_id=1402#primaryimage"},"thumbnailUrl":"https:\/\/restaurant-terramare.de\/wp-content\/uploads\/2026\/01\/Fotolia_56104242_S.jpeg","datePublished":"2026-01-13T16:15:29+00:00","dateModified":"2026-01-25T17:31:59+00:00","breadcrumb":{"@id":"https:\/\/restaurant-terramare.de\/?page_id=1402#breadcrumb"},"inLanguage":"de","potentialAction":[{"@type":"ReadAction","target":["https:\/\/restaurant-terramare.de\/?page_id=1402"]}]},{"@type":"ImageObject","inLanguage":"de","@id":"https:\/\/restaurant-terramare.de\/?page_id=1402#primaryimage","url":"https:\/\/restaurant-terramare.de\/wp-content\/uploads\/2026\/01\/Fotolia_56104242_S.jpeg","contentUrl":"https:\/\/restaurant-terramare.de\/wp-content\/uploads\/2026\/01\/Fotolia_56104242_S.jpeg","width":640,"height":427,"caption":"Green olive branch and a spoon full of oil on the wooden table"},{"@type":"BreadcrumbList","@id":"https:\/\/restaurant-terramare.de\/?page_id=1402#breadcrumb","itemListElement":[{"@type":"ListItem","position":1,"name":"Home","item":"https:\/\/restaurant-terramare.de\/"},{"@type":"ListItem","position":2,"name":"Weinkarte"}]},{"@type":"WebSite","@id":"https:\/\/restaurant-terramare.de\/#website","url":"https:\/\/restaurant-terramare.de\/","name":"","description":"Mediterrane K\u00fcche NEU","potentialAction":[{"@type":"SearchAction","target":{"@type":"EntryPoint","urlTemplate":"https:\/\/restaurant-terramare.de\/?s={search_term_string}"},"query-input":{"@type":"PropertyValueSpecification","valueRequired":true,"valueName":"search_term_string"}}],"inLanguage":"de"}]}},"featured_image_src":null,"featured_image_src_square":null,"_links":{"self":[{"href":"https:\/\/restaurant-terramare.de\/index.php?rest_route=\/wp\/v2\/pages\/1402","targetHints":{"allow":["GET"]}}],"collection":[{"href":"https:\/\/restaurant-terramare.de\/index.php?rest_route=\/wp\/v2\/pages"}],"about":[{"href":"https:\/\/restaurant-terramare.de\/index.php?rest_route=\/wp\/v2\/types\/page"}],"author":[{"embeddable":true,"href":"https:\/\/restaurant-terramare.de\/index.php?rest_route=\/wp\/v2\/users\/1"}],"replies":[{"embeddable":true,"href":"https:\/\/restaurant-terramare.de\/index.php?rest_route=%2Fwp%2Fv2%2Fcomments&post=1402"}],"version-history":[{"count":10,"href":"https:\/\/restaurant-terramare.de\/index.php?rest_route=\/wp\/v2\/pages\/1402\/revisions"}],"predecessor-version":[{"id":1479,"href":"https:\/\/restaurant-terramare.de\/index.php?rest_route=\/wp\/v2\/pages\/1402\/revisions\/1479"}],"wp:attachment":[{"href":"https:\/\/restaurant-terramare.de\/index.php?rest_route=%2Fwp%2Fv2%2Fmedia&parent=1402"}],"curies":[{"name":"wp","href":"https:\/\/api.w.org\/{rel}","templated":true}]}}