{"id":1248,"date":"2026-01-03T18:16:19","date_gmt":"2026-01-03T18:16:19","guid":{"rendered":"https:\/\/restaurant-terramare.de\/?page_id=1248"},"modified":"2026-01-25T17:19:15","modified_gmt":"2026-01-25T17:19:15","slug":"1248-2","status":"publish","type":"page","link":"https:\/\/restaurant-terramare.de\/?page_id=1248","title":{"rendered":"Kontakt"},"content":{"rendered":"\n<div class=\"wp-block-group alignfull is-layout-constrained wp-block-group-is-layout-constrained\">\n<div class=\"wp-block-cover alignfull is-light\" style=\"padding-top:var(--wp--preset--spacing--30);padding-right:var(--wp--preset--spacing--30);padding-bottom:var(--wp--preset--spacing--30);padding-left:var(--wp--preset--spacing--30);min-height:523px;aspect-ratio:unset;\"><img loading=\"lazy\" decoding=\"async\" width=\"640\" height=\"427\" class=\"wp-block-cover__image-background wp-image-1441 size-full\" alt=\"\" src=\"https:\/\/restaurant-terramare.de\/wp-content\/uploads\/2026\/01\/Fotolia_56104242_S.jpeg\" style=\"object-position:51% 91%\" data-object-fit=\"cover\" data-object-position=\"51% 91%\" srcset=\"https:\/\/restaurant-terramare.de\/wp-content\/uploads\/2026\/01\/Fotolia_56104242_S.jpeg 640w, https:\/\/restaurant-terramare.de\/wp-content\/uploads\/2026\/01\/Fotolia_56104242_S-500x334.jpeg 500w, https:\/\/restaurant-terramare.de\/wp-content\/uploads\/2026\/01\/Fotolia_56104242_S-600x400.jpeg 600w\" sizes=\"auto, (max-width: 640px) 100vw, 640px\" \/><span aria-hidden=\"true\" class=\"wp-block-cover__background has-black-background-color has-background-dim-0 has-background-dim\"><\/span><div class=\"wp-block-cover__inner-container is-layout-flow wp-block-cover-is-layout-flow\">\n<div class=\"wp-block-group alignwide has-base-color has-text-color has-link-color wp-elements-4bc447ae9efbcae36440c61a0f9ea954 is-content-justification-center is-layout-flex wp-container-core-group-is-layout-5705b2a3 wp-block-group-is-layout-flex\" style=\"margin-top:var(--wp--preset--spacing--60);margin-bottom:var(--wp--preset--spacing--60)\"><nav class=\"has-text-color has-white-color is-responsive items-justified-center wp-block-navigation is-content-justification-center is-layout-flex wp-container-core-navigation-is-layout-64ede673 wp-block-navigation-is-layout-flex\" aria-label=\"Header-Men\u00fc 2\" \n\t\t data-wp-interactive=\"core\/navigation\" data-wp-context='{\"overlayOpenedBy\":{\"click\":false,\"hover\":false,\"focus\":false},\"type\":\"overlay\",\"roleAttribute\":\"\",\"ariaLabel\":\"Men\\u00fc\"}'><button aria-haspopup=\"dialog\" aria-label=\"Men\u00fc \u00f6ffnen\" class=\"wp-block-navigation__responsive-container-open\" \n\t\t\t\tdata-wp-on--click=\"actions.openMenuOnClick\"\n\t\t\t\tdata-wp-on--keydown=\"actions.handleMenuKeydown\"\n\t\t\t><svg width=\"24\" height=\"24\" xmlns=\"http:\/\/www.w3.org\/2000\/svg\" viewBox=\"0 0 24 24\" aria-hidden=\"true\" focusable=\"false\"><path d=\"M4 7.5h16v1.5H4z\"><\/path><path d=\"M4 15h16v1.5H4z\"><\/path><\/svg><\/button>\n\t\t\t\t<div class=\"wp-block-navigation__responsive-container\"  id=\"modal-1\" \n\t\t\t\tdata-wp-class--has-modal-open=\"state.isMenuOpen\"\n\t\t\t\tdata-wp-class--is-menu-open=\"state.isMenuOpen\"\n\t\t\t\tdata-wp-watch=\"callbacks.initMenu\"\n\t\t\t\tdata-wp-on--keydown=\"actions.handleMenuKeydown\"\n\t\t\t\tdata-wp-on--focusout=\"actions.handleMenuFocusout\"\n\t\t\t\ttabindex=\"-1\"\n\t\t\t>\n\t\t\t\t\t<div class=\"wp-block-navigation__responsive-close\" tabindex=\"-1\">\n\t\t\t\t\t\t<div class=\"wp-block-navigation__responsive-dialog\" \n\t\t\t\tdata-wp-bind--aria-modal=\"state.ariaModal\"\n\t\t\t\tdata-wp-bind--aria-label=\"state.ariaLabel\"\n\t\t\t\tdata-wp-bind--role=\"state.roleAttribute\"\n\t\t\t>\n\t\t\t\t\t\t\t<button aria-label=\"Men\u00fc schlie\u00dfen\" class=\"wp-block-navigation__responsive-container-close\" \n\t\t\t\tdata-wp-on--click=\"actions.closeMenuOnClick\"\n\t\t\t><svg xmlns=\"http:\/\/www.w3.org\/2000\/svg\" viewBox=\"0 0 24 24\" width=\"24\" height=\"24\" aria-hidden=\"true\" focusable=\"false\"><path d=\"m13.06 12 6.47-6.47-1.06-1.06L12 10.94 5.53 4.47 4.47 5.53 10.94 12l-6.47 6.47 1.06 1.06L12 13.06l6.47 6.47 1.06-1.06L13.06 12Z\"><\/path><\/svg><\/button>\n\t\t\t\t\t\t\t<div class=\"wp-block-navigation__responsive-container-content\" \n\t\t\t\tdata-wp-watch=\"callbacks.focusFirstElement\"\n\t\t\t id=\"modal-1-content\">\n\t\t\t\t\t\t\t\t<ul class=\"wp-block-navigation__container has-text-color has-white-color is-responsive items-justified-center wp-block-navigation\"><li class=\" wp-block-navigation-item wp-block-navigation-link\"><a class=\"wp-block-navigation-item__content\"  href=\"https:\/\/restaurant-terramare.de\/\"><span class=\"wp-block-navigation-item__label\"><strong>HOME<\/strong><\/span><\/a><\/li><li class=\" wp-block-navigation-item wp-block-navigation-link\"><a class=\"wp-block-navigation-item__content\"  href=\"https:\/\/restaurant-terramare.de\/?page_id=27\"><span class=\"wp-block-navigation-item__label\"><strong>RESTAURANT<\/strong><\/span><\/a><\/li><li class=\" wp-block-navigation-item wp-block-navigation-link\"><a class=\"wp-block-navigation-item__content\"  href=\"https:\/\/restaurant-terramare.de\/?page_id=30\"><span class=\"wp-block-navigation-item__label\"><strong>SPEISEKARTE<\/strong><\/span><\/a><\/li><li class=\" wp-block-navigation-item wp-block-navigation-link\"><a class=\"wp-block-navigation-item__content\"  href=\"https:\/\/restaurant-terramare.de\/?page_id=1402\"><span class=\"wp-block-navigation-item__label\"><strong>WEINKARTE<\/strong><\/span><\/a><\/li><li class=\" wp-block-navigation-item wp-block-navigation-link\"><a class=\"wp-block-navigation-item__content\"  href=\"https:\/\/restaurant-terramare.de\/?page_id=1014\"><span class=\"wp-block-navigation-item__label\"><strong>CATERING<\/strong><\/span><\/a><\/li><li class=\" wp-block-navigation-item wp-block-navigation-link\"><a class=\"wp-block-navigation-item__content\"  href=\"https:\/\/restaurant-terramare.de\/?page_id=1248\"><span class=\"wp-block-navigation-item__label\"><strong>KONTAKT<\/strong><\/span><\/a><\/li><\/ul>\n\t\t\t\t\t\t\t<\/div>\n\t\t\t\t\t\t<\/div>\n\t\t\t\t\t<\/div>\n\t\t\t\t<\/div><\/nav><\/div>\n\n\n\n<div style=\"height:303px\" aria-hidden=\"true\" class=\"wp-block-spacer\"><\/div>\n\n\n<style>.ablocks-block-d44912cd-5a17-4490-9f74-6a4d2bcd6e32 { padding-bottom:40px;position:relative;transition:border 0s ease,background 0s ease,box-shadow 0s ease; } .ablocks-block-d44912cd-5a17-4490-9f74-6a4d2bcd6e32 { text-align:center; } .ablocks-block-d44912cd-5a17-4490-9f74-6a4d2bcd6e32 .ablocks-heading-text { color:#ffffff;font-family:Oswald,sans-serif; } @media screen and (max-width: 800px) { .ablocks-block-d44912cd-5a17-4490-9f74-6a4d2bcd6e32 .ablocks-heading-text { font-family:Oswald; } } <\/style>\n<div class=\"ablocks-block ablocks-block-d44912cd-5a17-4490-9f74-6a4d2bcd6e32 ablocks-block--heading\"><h2 class=\"ablocks-heading-text\">KONTAKT<\/h2><\/div>\n<\/div><\/div>\n<\/div>\n\n\n<style>.ablocks-block-bf29361f-8258-4daf-bb67-a7e7c0f78ed2 { position:relative;transition:border 0s ease,background 0s ease,box-shadow 0s ease; } .ablocks-block-bf29361f-8258-4daf-bb67-a7e7c0f78ed2 .ablocks-spacer__box { height:10px!important; } <\/style>\n<div class=\"ablocks-block ablocks-block-bf29361f-8258-4daf-bb67-a7e7c0f78ed2 ablocks-block--spacer\"><div class=\"ablocks-spacer__box\" style=\"height:10px;width:100%\"><\/div><\/div>\n\n\n\n<div class=\"wp-block-cover\"><span aria-hidden=\"true\" class=\"wp-block-cover__background has-custom-block-background-color has-background-dim-100 has-background-dim\"><\/span><div class=\"wp-block-cover__inner-container is-layout-constrained wp-block-cover-is-layout-constrained\">\n<p class=\"has-text-align-center has-upper-heading-font-size\"><strong>F\u00fcr Fragen und Anregungen k\u00f6nnen Sie uns gerne per E-Mail unter:<\/strong><\/p>\n\n\n\n<p class=\"has-text-align-center\">info@restaurant-terramare.de<\/p>\n\n\n\n<p class=\"has-text-align-center\"><strong>Rufen Sie bitte w\u00e4hrend der \u00d6ffnungszeiten an. Vermeiden Sie auch hierbei, falls m\u00f6glich, <\/strong><br>die Sto\u00dfzeiten (Abends 18:00 bis 19:30 Uhr)<\/p>\n\n\n\n<p class=\"has-text-align-center\">Bei Email Reservierungen&nbsp;<strong>bitte eine Telefonnummer hinterlassen<\/strong> oder telefonisch unter<strong>&nbsp;<em>0721- 660 54 93<\/em><\/strong>&nbsp;kontaktieren.<\/p>\n\n\n\n<p class=\"has-text-align-center\"><strong>Sie erreichen uns auch bequem mit der&nbsp;Bahn<br>Haltestelle:&nbsp;<\/strong>Ettlinger Tor \/ Staatstheater&nbsp;(U)&nbsp;<strong>Tram: 2, S1, S4, S7, S8, S11, S52.<br>Haltestelle:<\/strong>&nbsp;Karlstor\/Bundesgerichtshof&nbsp;<strong>Tram:<\/strong>&nbsp;<strong>2, 3, 5.<br>Haltestelle:<\/strong>&nbsp;Mathy Str. Tram<strong>: 3<\/strong><\/p>\n\n\n\n<p class=\"has-text-align-center\">\u2013&nbsp;Parkm\u00f6glichkeiten am Kongresszentrum<\/p>\n\n\n\n<p class=\"has-text-align-center has-normal-font-size\">&nbsp;Wenn der Feiertag an einen Montag f\u00e4llt, dann ist der Dienstag unsere Ruhetag.<\/p>\n<\/div><\/div>\n\n\n<style>.ablocks-block-c189ec0e-8479-4ac4-a320-1d604cd6c863 { position:relative;transition:border 0s ease,background 0s ease,box-shadow 0s ease; } .ablocks-block-c189ec0e-8479-4ac4-a320-1d604cd6c863 .ablocks-spacer__box { height:10px!important; } <\/style>\n<div class=\"ablocks-block ablocks-block-c189ec0e-8479-4ac4-a320-1d604cd6c863 ablocks-block--spacer\"><div class=\"ablocks-spacer__box\" style=\"height:10px;width:100%\"><\/div><\/div>\n","protected":false},"excerpt":{"rendered":"","protected":false},"author":1,"featured_media":0,"parent":0,"menu_order":0,"comment_status":"closed","ping_status":"closed","template":"","meta":{"footnotes":""},"class_list":["post-1248","page","type-page","status-publish","hentry"],"yoast_head":"<!-- This site is optimized with the Yoast SEO plugin v27.4 - https:\/\/yoast.com\/product\/yoast-seo-wordpress\/ -->\n<title>Kontakt -<\/title>\n<meta name=\"robots\" content=\"noindex, follow, max-snippet:-1, max-image-preview:large, max-video-preview:-1\" \/>\n<meta property=\"og:locale\" content=\"de_DE\" \/>\n<meta property=\"og:type\" content=\"article\" \/>\n<meta property=\"og:title\" content=\"Kontakt -\" \/>\n<meta property=\"og:url\" content=\"https:\/\/restaurant-terramare.de\/?page_id=1248\" \/>\n<meta property=\"article:publisher\" content=\"https:\/\/www.facebook.com\/restaurantterramare\/timeline\" \/>\n<meta property=\"article:modified_time\" content=\"2026-01-25T17:19:15+00:00\" \/>\n<meta property=\"og:image\" content=\"https:\/\/restaurant-terramare.de\/wp-content\/uploads\/2026\/01\/Fotolia_56104242_S.jpeg\" \/>\n\t<meta property=\"og:image:width\" content=\"640\" \/>\n\t<meta property=\"og:image:height\" content=\"427\" \/>\n\t<meta property=\"og:image:type\" content=\"image\/jpeg\" \/>\n<meta name=\"twitter:card\" content=\"summary_large_image\" \/>\n<meta name=\"twitter:label1\" content=\"Gesch\u00e4tzte Lesezeit\" \/>\n\t<meta name=\"twitter:data1\" content=\"1\u00a0Minute\" \/>\n<script type=\"application\/ld+json\" class=\"yoast-schema-graph\">{\"@context\":\"https:\\\/\\\/schema.org\",\"@graph\":[{\"@type\":\"WebPage\",\"@id\":\"https:\\\/\\\/restaurant-terramare.de\\\/?page_id=1248\",\"url\":\"https:\\\/\\\/restaurant-terramare.de\\\/?page_id=1248\",\"name\":\"Kontakt -\",\"isPartOf\":{\"@id\":\"https:\\\/\\\/restaurant-terramare.de\\\/#website\"},\"primaryImageOfPage\":{\"@id\":\"https:\\\/\\\/restaurant-terramare.de\\\/?page_id=1248#primaryimage\"},\"image\":{\"@id\":\"https:\\\/\\\/restaurant-terramare.de\\\/?page_id=1248#primaryimage\"},\"thumbnailUrl\":\"https:\\\/\\\/restaurant-terramare.de\\\/wp-content\\\/uploads\\\/2026\\\/01\\\/Fotolia_56104242_S.jpeg\",\"datePublished\":\"2026-01-03T18:16:19+00:00\",\"dateModified\":\"2026-01-25T17:19:15+00:00\",\"breadcrumb\":{\"@id\":\"https:\\\/\\\/restaurant-terramare.de\\\/?page_id=1248#breadcrumb\"},\"inLanguage\":\"de\",\"potentialAction\":[{\"@type\":\"ReadAction\",\"target\":[\"https:\\\/\\\/restaurant-terramare.de\\\/?page_id=1248\"]}]},{\"@type\":\"ImageObject\",\"inLanguage\":\"de\",\"@id\":\"https:\\\/\\\/restaurant-terramare.de\\\/?page_id=1248#primaryimage\",\"url\":\"https:\\\/\\\/restaurant-terramare.de\\\/wp-content\\\/uploads\\\/2026\\\/01\\\/Fotolia_56104242_S.jpeg\",\"contentUrl\":\"https:\\\/\\\/restaurant-terramare.de\\\/wp-content\\\/uploads\\\/2026\\\/01\\\/Fotolia_56104242_S.jpeg\",\"width\":640,\"height\":427,\"caption\":\"Green olive branch and a spoon full of oil on the wooden table\"},{\"@type\":\"BreadcrumbList\",\"@id\":\"https:\\\/\\\/restaurant-terramare.de\\\/?page_id=1248#breadcrumb\",\"itemListElement\":[{\"@type\":\"ListItem\",\"position\":1,\"name\":\"Home\",\"item\":\"https:\\\/\\\/restaurant-terramare.de\\\/\"},{\"@type\":\"ListItem\",\"position\":2,\"name\":\"Kontakt\"}]},{\"@type\":\"WebSite\",\"@id\":\"https:\\\/\\\/restaurant-terramare.de\\\/#website\",\"url\":\"https:\\\/\\\/restaurant-terramare.de\\\/\",\"name\":\"\",\"description\":\"Mediterrane K\u00fcche NEU\",\"potentialAction\":[{\"@type\":\"SearchAction\",\"target\":{\"@type\":\"EntryPoint\",\"urlTemplate\":\"https:\\\/\\\/restaurant-terramare.de\\\/?s={search_term_string}\"},\"query-input\":{\"@type\":\"PropertyValueSpecification\",\"valueRequired\":true,\"valueName\":\"search_term_string\"}}],\"inLanguage\":\"de\"}]}<\/script>\n<!-- \/ Yoast SEO plugin. -->","yoast_head_json":{"title":"Kontakt -","robots":{"index":"noindex","follow":"follow","max-snippet":"max-snippet:-1","max-image-preview":"max-image-preview:large","max-video-preview":"max-video-preview:-1"},"og_locale":"de_DE","og_type":"article","og_title":"Kontakt -","og_url":"https:\/\/restaurant-terramare.de\/?page_id=1248","article_publisher":"https:\/\/www.facebook.com\/restaurantterramare\/timeline","article_modified_time":"2026-01-25T17:19:15+00:00","og_image":[{"width":640,"height":427,"url":"https:\/\/restaurant-terramare.de\/wp-content\/uploads\/2026\/01\/Fotolia_56104242_S.jpeg","type":"image\/jpeg"}],"twitter_card":"summary_large_image","twitter_misc":{"Gesch\u00e4tzte Lesezeit":"1\u00a0Minute"},"schema":{"@context":"https:\/\/schema.org","@graph":[{"@type":"WebPage","@id":"https:\/\/restaurant-terramare.de\/?page_id=1248","url":"https:\/\/restaurant-terramare.de\/?page_id=1248","name":"Kontakt -","isPartOf":{"@id":"https:\/\/restaurant-terramare.de\/#website"},"primaryImageOfPage":{"@id":"https:\/\/restaurant-terramare.de\/?page_id=1248#primaryimage"},"image":{"@id":"https:\/\/restaurant-terramare.de\/?page_id=1248#primaryimage"},"thumbnailUrl":"https:\/\/restaurant-terramare.de\/wp-content\/uploads\/2026\/01\/Fotolia_56104242_S.jpeg","datePublished":"2026-01-03T18:16:19+00:00","dateModified":"2026-01-25T17:19:15+00:00","breadcrumb":{"@id":"https:\/\/restaurant-terramare.de\/?page_id=1248#breadcrumb"},"inLanguage":"de","potentialAction":[{"@type":"ReadAction","target":["https:\/\/restaurant-terramare.de\/?page_id=1248"]}]},{"@type":"ImageObject","inLanguage":"de","@id":"https:\/\/restaurant-terramare.de\/?page_id=1248#primaryimage","url":"https:\/\/restaurant-terramare.de\/wp-content\/uploads\/2026\/01\/Fotolia_56104242_S.jpeg","contentUrl":"https:\/\/restaurant-terramare.de\/wp-content\/uploads\/2026\/01\/Fotolia_56104242_S.jpeg","width":640,"height":427,"caption":"Green olive branch and a spoon full of oil on the wooden table"},{"@type":"BreadcrumbList","@id":"https:\/\/restaurant-terramare.de\/?page_id=1248#breadcrumb","itemListElement":[{"@type":"ListItem","position":1,"name":"Home","item":"https:\/\/restaurant-terramare.de\/"},{"@type":"ListItem","position":2,"name":"Kontakt"}]},{"@type":"WebSite","@id":"https:\/\/restaurant-terramare.de\/#website","url":"https:\/\/restaurant-terramare.de\/","name":"","description":"Mediterrane K\u00fcche NEU","potentialAction":[{"@type":"SearchAction","target":{"@type":"EntryPoint","urlTemplate":"https:\/\/restaurant-terramare.de\/?s={search_term_string}"},"query-input":{"@type":"PropertyValueSpecification","valueRequired":true,"valueName":"search_term_string"}}],"inLanguage":"de"}]}},"featured_image_src":null,"featured_image_src_square":null,"_links":{"self":[{"href":"https:\/\/restaurant-terramare.de\/index.php?rest_route=\/wp\/v2\/pages\/1248","targetHints":{"allow":["GET"]}}],"collection":[{"href":"https:\/\/restaurant-terramare.de\/index.php?rest_route=\/wp\/v2\/pages"}],"about":[{"href":"https:\/\/restaurant-terramare.de\/index.php?rest_route=\/wp\/v2\/types\/page"}],"author":[{"embeddable":true,"href":"https:\/\/restaurant-terramare.de\/index.php?rest_route=\/wp\/v2\/users\/1"}],"replies":[{"embeddable":true,"href":"https:\/\/restaurant-terramare.de\/index.php?rest_route=%2Fwp%2Fv2%2Fcomments&post=1248"}],"version-history":[{"count":14,"href":"https:\/\/restaurant-terramare.de\/index.php?rest_route=\/wp\/v2\/pages\/1248\/revisions"}],"predecessor-version":[{"id":1467,"href":"https:\/\/restaurant-terramare.de\/index.php?rest_route=\/wp\/v2\/pages\/1248\/revisions\/1467"}],"wp:attachment":[{"href":"https:\/\/restaurant-terramare.de\/index.php?rest_route=%2Fwp%2Fv2%2Fmedia&parent=1248"}],"curies":[{"name":"wp","href":"https:\/\/api.w.org\/{rel}","templated":true}]}}